{"id":1708,"date":"2026-01-09T21:20:28","date_gmt":"2026-01-09T20:20:28","guid":{"rendered":"https:\/\/stage2.calandi.de\/?page_id=1708"},"modified":"2026-03-12T19:44:35","modified_gmt":"2026-03-12T18:44:35","slug":"ueber-uns","status":"publish","type":"page","link":"https:\/\/stage.calandi.de\/ueber-uns\/","title":{"rendered":"\u00dcber uns"},"content":{"rendered":"<section class=\"c-hero c-hero-page c-hero-custom-bg\" style=\"--bg-img: url('\/wp-content\/uploads\/2026\/01\/uber-uns-hero.webp');\">\r\n<div class=\"c-container\">\r\n<h5 class=\"c-hero-subtitle\">\u00dcber uns<\/h5>\r\n<h1 class=\"c-hero-title\">Wir schaffen <em>Klarheit<\/em>, wo Entscheidungen Millionen wert sind.<\/h1>\r\n<\/div>\r\n<\/section><section id=\"investoren-mit-uns-arbeiten\">\r\n<div class=\"c-container\">\r\n<div class=\"c-container-inner\">\r\n<p class=\"c-p-xl\">Calandi ist eine unabh\u00e4ngige M&#038;A Boutique mit einem klaren Schwerpunkt auf Unternehmensnachfolge und mittelst\u00e4ndische Transaktionen. Wir begleiten Unternehmer bei strategisch wichtigen Entscheidungen und sichern einen strukturierten und professionellen Ablauf.<\/p>\r\n\r\n<div>\r\n<h2 class=\"heading-title c-h1\">Unser Team. Ihre Verantwortung &#8211; professionell gef\u00fchrt.<\/h2>\r\n<p class=\"c-p-lg\">Wir begleiten Unternehmer und Investoren mit Erfahrung, einem festen Ansprechpartner und einem eingespielten Team im Hintergrund. So sorgen wir f\u00fcr eine strukturierte und professionelle Umsetzung komplexer Transaktionen vom ersten Schritt bis zum erfolgreichen Abschluss.<\/p>\r\n\r\n<\/div>\r\n<\/div>\r\n<div class=\"calandi-team c-team-grid\"><ul class=\"calandi-team-wrapper\"><li class=\"calandi-team-member\"><a href=\"https:\/\/stage.calandi.de\/team\/sven-roessner\/\"><figure class=\"calandi-team-member-picture\"><img loading=\"lazy\" decoding=\"async\" width=\"700\" height=\"520\" src=\"https:\/\/stage.calandi.de\/wp-content\/uploads\/2026\/01\/Sven-Roessner.webp\" class=\"attachment-large size-large wp-post-image\" alt=\"Sven Ro\u0308\u00dfner\" srcset=\"https:\/\/stage.calandi.de\/wp-content\/uploads\/2026\/01\/Sven-Roessner.webp 700w, https:\/\/stage.calandi.de\/wp-content\/uploads\/2026\/01\/Sven-Roessner-300x223.webp 300w\" sizes=\"auto, (max-width: 700px) 100vw, 700px\" \/><\/figure><h6 class=\"calandi-team-member-name\">Sven <em>R\u00f6\u00dfner, LL.M.<\/em><\/h6><p class=\"calandi-team-member-position\">Director M&amp;A<\/p><\/a><\/li><li class=\"calandi-team-member\"><a href=\"https:\/\/stage.calandi.de\/team\/lena-lith\/\"><figure class=\"calandi-team-member-picture\"><img loading=\"lazy\" decoding=\"async\" width=\"700\" height=\"520\" src=\"https:\/\/stage.calandi.de\/wp-content\/uploads\/2026\/03\/Lena-Lith.webp\" class=\"attachment-large size-large wp-post-image\" alt=\"Lena Lith\" srcset=\"https:\/\/stage.calandi.de\/wp-content\/uploads\/2026\/03\/Lena-Lith.webp 700w, https:\/\/stage.calandi.de\/wp-content\/uploads\/2026\/03\/Lena-Lith-300x223.webp 300w\" sizes=\"auto, (max-width: 700px) 100vw, 700px\" \/><\/figure><h6 class=\"calandi-team-member-name\">Lena <em>Lith<\/em><\/h6><p class=\"calandi-team-member-position\">Director M&amp;A<\/p><\/a><\/li><li class=\"calandi-team-member\"><a href=\"https:\/\/stage.calandi.de\/team\/lukas-kapp\/\"><figure class=\"calandi-team-member-picture\"><img loading=\"lazy\" decoding=\"async\" width=\"700\" height=\"520\" src=\"https:\/\/stage.calandi.de\/wp-content\/uploads\/2026\/01\/Lukas-Kapp.webp\" class=\"attachment-large size-large wp-post-image\" alt=\"Lukas Kapp\" srcset=\"https:\/\/stage.calandi.de\/wp-content\/uploads\/2026\/01\/Lukas-Kapp.webp 700w, https:\/\/stage.calandi.de\/wp-content\/uploads\/2026\/01\/Lukas-Kapp-300x223.webp 300w\" sizes=\"auto, (max-width: 700px) 100vw, 700px\" \/><\/figure><h6 class=\"calandi-team-member-name\">Lukas <em>Kapp, CEFA<\/em><\/h6><p class=\"calandi-team-member-position\">Senior Manager M&amp;A<\/p><\/a><\/li><li class=\"calandi-team-member\"><a href=\"https:\/\/stage.calandi.de\/team\/dr-rainer-ammon\/\"><figure class=\"calandi-team-member-picture\"><img loading=\"lazy\" decoding=\"async\" width=\"700\" height=\"520\" src=\"https:\/\/stage.calandi.de\/wp-content\/uploads\/2026\/01\/Rainer-Ammon.webp\" class=\"attachment-large size-large wp-post-image\" alt=\"Rainer Ammon\" srcset=\"https:\/\/stage.calandi.de\/wp-content\/uploads\/2026\/01\/Rainer-Ammon.webp 700w, https:\/\/stage.calandi.de\/wp-content\/uploads\/2026\/01\/Rainer-Ammon-300x223.webp 300w\" sizes=\"auto, (max-width: 700px) 100vw, 700px\" \/><\/figure><h6 class=\"calandi-team-member-name\">Dr. Rainer <em>Ammon, CFA<\/em><\/h6><p class=\"calandi-team-member-position\">Managing Director Calandi<\/p><\/a><\/li><li class=\"calandi-team-member\"><a href=\"https:\/\/stage.calandi.de\/team\/joerg-nieder\/\"><figure class=\"calandi-team-member-picture\"><img loading=\"lazy\" decoding=\"async\" width=\"700\" height=\"520\" src=\"https:\/\/stage.calandi.de\/wp-content\/uploads\/2026\/01\/Joerg-Nieder.webp\" class=\"attachment-large size-large wp-post-image\" alt=\"Jo\u0308rg Nieder\" srcset=\"https:\/\/stage.calandi.de\/wp-content\/uploads\/2026\/01\/Joerg-Nieder.webp 700w, https:\/\/stage.calandi.de\/wp-content\/uploads\/2026\/01\/Joerg-Nieder-300x223.webp 300w\" sizes=\"auto, (max-width: 700px) 100vw, 700px\" \/><\/figure><h6 class=\"calandi-team-member-name\">J\u00f6rg <em>Nieder<\/em><\/h6><p class=\"calandi-team-member-position\">Senior Advisor M&amp;A<\/p><\/a><\/li><li class=\"calandi-team-member\"><a href=\"https:\/\/stage.calandi.de\/team\/michael-glaw\/\"><figure class=\"calandi-team-member-picture\"><img loading=\"lazy\" decoding=\"async\" width=\"700\" height=\"520\" src=\"https:\/\/stage.calandi.de\/wp-content\/uploads\/2026\/01\/Michael-Glaw.webp\" class=\"attachment-large size-large wp-post-image\" alt=\"Michael Glaw\" srcset=\"https:\/\/stage.calandi.de\/wp-content\/uploads\/2026\/01\/Michael-Glaw.webp 700w, https:\/\/stage.calandi.de\/wp-content\/uploads\/2026\/01\/Michael-Glaw-300x223.webp 300w\" sizes=\"auto, (max-width: 700px) 100vw, 700px\" \/><\/figure><h6 class=\"calandi-team-member-name\">Michael <em>Glaw<\/em><\/h6><p class=\"calandi-team-member-position\">Senior Advisor M&amp;A<\/p><\/a><\/li><li class=\"calandi-team-member\"><a href=\"https:\/\/stage.calandi.de\/team\/joerg-deissner\/\"><figure class=\"calandi-team-member-picture\"><img loading=\"lazy\" decoding=\"async\" width=\"700\" height=\"520\" src=\"https:\/\/stage.calandi.de\/wp-content\/uploads\/2026\/01\/Joerg-Deissner.webp\" class=\"attachment-large size-large wp-post-image\" alt=\"Jo\u0308rg Deissner\" srcset=\"https:\/\/stage.calandi.de\/wp-content\/uploads\/2026\/01\/Joerg-Deissner.webp 700w, https:\/\/stage.calandi.de\/wp-content\/uploads\/2026\/01\/Joerg-Deissner-300x223.webp 300w\" sizes=\"auto, (max-width: 700px) 100vw, 700px\" \/><\/figure><h6 class=\"calandi-team-member-name\">J\u00f6rg <em>Deissner<\/em><\/h6><p class=\"calandi-team-member-position\">Senior Advisor M&amp;A<\/p><\/a><\/li><li class=\"calandi-team-member\"><a href=\"https:\/\/stage.calandi.de\/team\/marion-mang\/\"><figure class=\"calandi-team-member-picture\"><img loading=\"lazy\" decoding=\"async\" width=\"700\" height=\"520\" src=\"https:\/\/stage.calandi.de\/wp-content\/uploads\/2026\/01\/Marion-Mang.webp\" class=\"attachment-large size-large wp-post-image\" alt=\"Marion Mang\" srcset=\"https:\/\/stage.calandi.de\/wp-content\/uploads\/2026\/01\/Marion-Mang.webp 700w, https:\/\/stage.calandi.de\/wp-content\/uploads\/2026\/01\/Marion-Mang-300x223.webp 300w\" sizes=\"auto, (max-width: 700px) 100vw, 700px\" \/><\/figure><h6 class=\"calandi-team-member-name\">Marion <em>Mang<\/em><\/h6><p class=\"calandi-team-member-position\">Senior Manager M&amp;A<\/p><\/a><\/li><li class=\"calandi-team-member\"><a href=\"https:\/\/stage.calandi.de\/team\/wolfgang-mauritz\/\"><figure class=\"calandi-team-member-picture\"><img loading=\"lazy\" decoding=\"async\" width=\"700\" height=\"520\" src=\"https:\/\/stage.calandi.de\/wp-content\/uploads\/2026\/01\/Wolfgang-Mauritz.webp\" class=\"attachment-large size-large wp-post-image\" alt=\"Wolfgang Mauritz\" srcset=\"https:\/\/stage.calandi.de\/wp-content\/uploads\/2026\/01\/Wolfgang-Mauritz.webp 700w, https:\/\/stage.calandi.de\/wp-content\/uploads\/2026\/01\/Wolfgang-Mauritz-300x223.webp 300w\" sizes=\"auto, (max-width: 700px) 100vw, 700px\" \/><\/figure><h6 class=\"calandi-team-member-name\">Wolfgang <em>Mauritz<\/em><\/h6><p class=\"calandi-team-member-position\">Senior Advisor M&amp;A<\/p><\/a><\/li><li class=\"calandi-team-member\"><a href=\"https:\/\/stage.calandi.de\/team\/marco-rubiales\/\"><figure class=\"calandi-team-member-picture\"><img loading=\"lazy\" decoding=\"async\" width=\"700\" height=\"520\" src=\"https:\/\/stage.calandi.de\/wp-content\/uploads\/2026\/01\/Marco-Rubiales.webp\" class=\"attachment-large size-large wp-post-image\" alt=\"Marco Rubiales\" srcset=\"https:\/\/stage.calandi.de\/wp-content\/uploads\/2026\/01\/Marco-Rubiales.webp 700w, https:\/\/stage.calandi.de\/wp-content\/uploads\/2026\/01\/Marco-Rubiales-300x223.webp 300w\" sizes=\"auto, (max-width: 700px) 100vw, 700px\" \/><\/figure><h6 class=\"calandi-team-member-name\">Marco <em>Rubiales<\/em><\/h6><p class=\"calandi-team-member-position\">Senior Advisor M&amp;A<\/p><\/a><\/li><li class=\"calandi-team-member\"><a href=\"https:\/\/stage.calandi.de\/team\/alexander-shtenhauer\/\"><figure class=\"calandi-team-member-picture\"><img loading=\"lazy\" decoding=\"async\" width=\"700\" height=\"520\" src=\"https:\/\/stage.calandi.de\/wp-content\/uploads\/2026\/01\/Alexander-Shtenhauer-2.webp\" class=\"attachment-large size-large wp-post-image\" alt=\"Alexander Shtenhauer\" srcset=\"https:\/\/stage.calandi.de\/wp-content\/uploads\/2026\/01\/Alexander-Shtenhauer-2.webp 700w, https:\/\/stage.calandi.de\/wp-content\/uploads\/2026\/01\/Alexander-Shtenhauer-2-300x223.webp 300w\" sizes=\"auto, (max-width: 700px) 100vw, 700px\" \/><\/figure><h6 class=\"calandi-team-member-name\">Alexander <em>Shtenhauer<\/em><\/h6><p class=\"calandi-team-member-position\">Backoffice M&amp;A<\/p><\/a><\/li><li class=\"calandi-team-member\"><a href=\"https:\/\/stage.calandi.de\/en\/team\/michael-glaw-en\/\"><figure class=\"calandi-team-member-picture\"><img loading=\"lazy\" decoding=\"async\" width=\"700\" height=\"520\" src=\"https:\/\/stage.calandi.de\/wp-content\/uploads\/2026\/01\/Michael-Glaw.webp\" class=\"attachment-large size-large wp-post-image\" alt=\"Michael Glaw\" srcset=\"https:\/\/stage.calandi.de\/wp-content\/uploads\/2026\/01\/Michael-Glaw.webp 700w, https:\/\/stage.calandi.de\/wp-content\/uploads\/2026\/01\/Michael-Glaw-300x223.webp 300w\" sizes=\"auto, (max-width: 700px) 100vw, 700px\" \/><\/figure><h6 class=\"calandi-team-member-name\">Michael <em>Glaw<\/em><\/h6><p class=\"calandi-team-member-position\">Senior M&amp;A Advisor<\/p><\/a><\/li><\/ul><\/div>\r\n\r\n<\/div>\r\n<\/section><section id=\"ehrlichen-austausch\">\r\n<div class=\"c-container\">\r\n<div class=\"c-container-inner\">\r\n<h2 class=\"c-section-title\">Jede erfolgreiche Transaktion beginnt mit einem <em>ehrlichen<\/em> Austausch.<\/h2>\r\n<p class=\"c-section-subtitle c-p-lg\">In einem ersten Gespr\u00e4ch verstehen wir Ihre Situation, Ihre Ziele und die Werte, die Sie sch\u00fctzen wollen. Kein Pitch, keine Verpflichtung &#8211; nur Klarheit. Wenn wir gemeinsam Potenzial sehen, gestalten wir den Weg Schritt f\u00fcr Schritt.<\/p>\r\n<a class=\"c-btn c-btn-calendly\" href=\"#\">Jetzt Gespr\u00e4ch vereinbaren<\/a>\r\n\r\n<\/div>\r\n<\/div>\r\n<\/section><section id=\"unsere-werte\">\r\n<div class=\"c-container\">\r\n<div class=\"c-container-inner\">\r\n<h2 class=\"c-section-title c-h1\">Unsere <em>Werte<\/em><\/h2>\r\n<p class=\"c-section-description c-h6\">Wir vertreten ausschlie\u00dflich die Interessen von Unternehmern.<br data-start=\"339\" data-end=\"342\" \/>Strukturierte Prozesse, fundierte Marktkenntnis und pers\u00f6nliche Verantwortung pr\u00e4gen unser Handeln.<br data-start=\"441\" data-end=\"444\" \/>Jede Transaktion f\u00fchren wir mit klarem Anspruch an Qualit\u00e4t, Verbindlichkeit und Professionalit\u00e4t.<\/p>\r\n\r\n<\/div>\r\n<div class=\"unsere-werte-blocks\">\r\n<div class=\"unsere-werte-block\">\r\n<h5>Diskretion<\/h5>\r\nWir sch\u00fctzen pers\u00f6nliche und unternehmerische Informationen und schaffen einen vertrauensvollen Rahmen f\u00fcr jede Entscheidung.\r\n\r\n<\/div>\r\n<div class=\"unsere-werte-block\">\r\n<h5>Verantwortung<\/h5>\r\nWir beraten nicht nur, sondern setzen L\u00f6sungen um. Unser Team arbeitet mit dem Anspruch, Ergebnisse zu liefern.\r\n\r\n<\/div>\r\n<div class=\"unsere-werte-block\">\r\n<h5>Professionalit\u00e4t<\/h5>\r\nWir agieren transparent und auf Augenh\u00f6he. Unsere Mandanten k\u00f6nnen sich jederzeit auf strukturierte Kommunikation und klare Prozesse verlassen.\r\n\r\n<\/div>\r\n<\/div>\r\n<div class=\"unsere-werte-rows\">\r\n<div class=\"unsere-werte-row\">\r\n<h5 class=\"unsere-werte-row-title\">Erfahrung in anspruchsvollen Mandaten<\/h5>\r\n<p class=\"unsere-werte-row-content c-p-lg\">Calandi hat bereits \u00fcber hundert Unternehmensverk\u00e4ufe aktiv begleitet. Dabei setzen wir nicht auf zuf\u00e4llige Kontakte oder unpers\u00f6nliche Bieterverfahren. Wir pr\u00fcfen K\u00e4ufergruppen sorgf\u00e4ltig und sprechen nur mit Kandidaten, die fachlich geeignet sind und echte Motivation mitbringen. Unsere Mandanten erhalten keine Liste, sondern eine fundierte Auswahl.<\/p>\r\n\r\n<\/div>\r\n<div class=\"unsere-werte-row\">\r\n<h5 class=\"unsere-werte-row-title\">Begleitung ohne Umwege<\/h5>\r\n<p class=\"unsere-werte-row-content c-p-lg\">Wir wissen, dass ein M&#038;A Prozess parallel zum Tagesgesch\u00e4ft eine zus\u00e4tzliche Herausforderung ist. Deshalb strukturieren und koordinieren wir die operative Umsetzung, w\u00e4hrend Sie jederzeit die Entscheidungen steuern. So bleibt Ihr Fokus auf dem Unternehmen, w\u00e4hrend wir den Prozess professionell begleiten und sauber umsetzen.<\/p>\r\n\r\n<\/div>\r\n<\/div>\r\n<\/div>\r\n<\/section>\r\n<section class=\"c-media-and-text c-media-and-text-reverse\">\r\n    <div class=\"c-container\">\r\n        <figure class=\"c-media-and-text-media\">\r\n            <img decoding=\"async\" src=\"\/wp-content\/uploads\/2026\/02\/karriere-image-reversed.webp\" alt=\"\" \/>\r\n        <\/figure>\r\n        <div class=\"c-media-and-text-content\">\r\n            <h2>M&#038;A mit Wirkung \u2013 Ihre Karriere bei Calandi<\/h2>\r\n            <p class=\"c-p-lg\">Bei Calandi arbeiten Menschen, die komplexe Transaktionen meistern, Unternehmer verstehen und f\u00fcr nachhaltige L\u00f6sungen brennen. Wir begleiten anspruchsvolle M&#038;A-Prozesse von Nachfolgeregelungen bis zu internationalen Deals und schaffen echten Mehrwert.<\/p>\r\n            <div id=\"aktuelle-stellen\">\r\n                <h6>Aktuelle Stellen:<\/h6>\r\n                <ul class=\"c-p-lg\">\r\n                    <li>Senior Manager M&#038;A (m\/w)<\/li>\r\n                <\/ul>\r\n            <\/div>\r\n            <div>\r\n                <p class=\"c-p-accent-lg\">Wir freuen uns \u00fcber eine \u00fcberzeugende Initiativbewerbung.<\/p>\r\n                <a href=\"\/karriere\/\" class=\"c-btn\">Initiativbewerbung<\/a>\r\n            <\/div>\r\n        <\/div>\r\n    <\/div>\r\n<\/section>","protected":false},"excerpt":{"rendered":"<p>\u00dcber uns Wir schaffen Klarheit, wo Entscheidungen Millionen wert sind. Calandi ist eine unabh\u00e4ngige M&#038;A Boutique mit einem klaren Schwerpunkt auf Unternehmensnachfolge und mittelst\u00e4ndische Transaktionen. Wir begleiten Unternehmer bei strategisch wichtigen Entscheidungen und sichern einen strukturierten und professionellen Ablauf. Unser Team. Ihre Verantwortung &#8211; professionell gef\u00fchrt. Wir begleiten Unternehmer und Investoren mit Erfahrung, einem festen [&hellip;]<\/p>\n","protected":false},"author":2,"featured_media":0,"parent":0,"menu_order":0,"comment_status":"closed","ping_status":"closed","template":"page-blank.php","meta":{"_acf_changed":false,"footnotes":""},"class_list":["post-1708","page","type-page","status-publish","hentry"],"acf":[],"_links":{"self":[{"href":"https:\/\/stage.calandi.de\/wp-json\/wp\/v2\/pages\/1708","targetHints":{"allow":["GET"]}}],"collection":[{"href":"https:\/\/stage.calandi.de\/wp-json\/wp\/v2\/pages"}],"about":[{"href":"https:\/\/stage.calandi.de\/wp-json\/wp\/v2\/types\/page"}],"author":[{"embeddable":true,"href":"https:\/\/stage.calandi.de\/wp-json\/wp\/v2\/users\/2"}],"replies":[{"embeddable":true,"href":"https:\/\/stage.calandi.de\/wp-json\/wp\/v2\/comments?post=1708"}],"version-history":[{"count":19,"href":"https:\/\/stage.calandi.de\/wp-json\/wp\/v2\/pages\/1708\/revisions"}],"predecessor-version":[{"id":1979,"href":"https:\/\/stage.calandi.de\/wp-json\/wp\/v2\/pages\/1708\/revisions\/1979"}],"wp:attachment":[{"href":"https:\/\/stage.calandi.de\/wp-json\/wp\/v2\/media?parent=1708"}],"curies":[{"name":"wp","href":"https:\/\/api.w.org\/{rel}","templated":true}]}}